{"id":387,"date":"2013-10-24T08:43:49","date_gmt":"2013-10-24T08:43:49","guid":{"rendered":"https:\/\/pelloux-sports-megeve.com\/en\/?page_id=387"},"modified":"2018-04-24T05:03:23","modified_gmt":"2018-04-24T05:03:23","slug":"mentions-legales","status":"publish","type":"page","link":"https:\/\/pelloux-sports-megeve.com\/en\/mentions-legales\/","title":{"rendered":"Legal"},"content":{"rendered":"<h1>PELLOUX SPORTS MEGEVE<\/h1>\n<p>Les Arcades du Mont Blanc &#8211; 74120 MEGEVE<br \/>\nTel : 04 50 93 04 38<br \/>\nEmail : contact [at] pelloux-sports-megeve.com<br \/>\nN\u00b0 SIRET : 50958868700012<br \/>\nN\u00b0 TVA : FR 95509588687<br \/>\nDirecteur de la publication : Nicolas DUQUESNE<\/p>\n<h3>Editeur du site :<\/h3>\n<p>R\u00e9alisation identit\u00e9 graphique &#038; site web<br \/>\nAgence PROPAGANDA \u2013 <a href=\"http:\/\/www.propaganda73.com\" target=\"_blank\">www.propaganda73.com<\/a><br \/>\n318 av Mar\u00e9chal Leclerc \u2013 73700 Bourg-Saint-Maurice<\/p>\n<h3>Photos :<\/h3>\n<p>Office de Tourisme de Meg\u00e8ve \/ Atomic \/ Rossignol \/ Nordica \/ Tecnica.<\/p>\n<p>\u201d L\u2019ensemble des contenus de ce site rel\u00e8ve de la l\u00e9gislation fran\u00e7aise et internationale sur les droits d\u2019auteur et la propri\u00e9t\u00e9 intellectuelle. Tous les droits de reproduction sont r\u00e9serv\u00e9s. La reproduction de tout ou partie du site, quelles qu\u2019en soient la forme et la destination est formellement interdite. \u201d<\/p>\n","protected":false},"excerpt":{"rendered":"<p>PELLOUX SPORTS MEGEVE Les Arcades du Mont Blanc &#8211; 74120 MEGEVE Tel : 04 50 93 04 38 Email : contact [at] pelloux-sports-megeve.com N\u00b0 SIRET : 50958868700012 N\u00b0 TVA :&#8230;<\/p>\n","protected":false},"author":1000,"featured_media":0,"parent":0,"menu_order":0,"comment_status":"closed","ping_status":"closed","template":"","meta":{"footnotes":""},"class_list":["post-387","page","type-page","status-publish"],"_links":{"self":[{"href":"https:\/\/pelloux-sports-megeve.com\/en\/wp-json\/wp\/v2\/pages\/387","targetHints":{"allow":["GET"]}}],"collection":[{"href":"https:\/\/pelloux-sports-megeve.com\/en\/wp-json\/wp\/v2\/pages"}],"about":[{"href":"https:\/\/pelloux-sports-megeve.com\/en\/wp-json\/wp\/v2\/types\/page"}],"author":[{"embeddable":true,"href":"https:\/\/pelloux-sports-megeve.com\/en\/wp-json\/wp\/v2\/users\/1000"}],"replies":[{"embeddable":true,"href":"https:\/\/pelloux-sports-megeve.com\/en\/wp-json\/wp\/v2\/comments?post=387"}],"version-history":[{"count":0,"href":"https:\/\/pelloux-sports-megeve.com\/en\/wp-json\/wp\/v2\/pages\/387\/revisions"}],"wp:attachment":[{"href":"https:\/\/pelloux-sports-megeve.com\/en\/wp-json\/wp\/v2\/media?parent=387"}],"curies":[{"name":"wp","href":"https:\/\/api.w.org\/{rel}","templated":true}]}}